{"id":891,"date":"2024-06-07T14:51:45","date_gmt":"2024-06-07T12:51:45","guid":{"rendered":"https:\/\/bigdentdentalclinic.com\/?page_id=891"},"modified":"2024-09-23T15:03:42","modified_gmt":"2024-09-23T08:03:42","slug":"dan-su-veneer","status":"publish","type":"page","link":"https:\/\/bigdentdentalclinic.com\/en\/dan-su-veneer\/","title":{"rendered":"Porcelain Veneers"},"content":{"rendered":"<div data-elementor-type=\"wp-page\" data-elementor-id=\"891\" class=\"elementor elementor-891\">\n\t\t\t\t<div class=\"elementor-element elementor-element-5bfb727 e-flex e-con-boxed e-con e-parent\" data-id=\"5bfb727\" data-element_type=\"container\" data-e-type=\"container\" data-settings=\"{&quot;background_background&quot;:&quot;classic&quot;}\">\n\t\t\t\t\t<div class=\"e-con-inner\">\n\t\t\t\t<div class=\"elementor-element elementor-element-3d87c53 elementor-widget elementor-widget-image\" data-id=\"3d87c53\" data-element_type=\"widget\" data-e-type=\"widget\" data-widget_type=\"image.default\">\n\t\t\t\t<div class=\"elementor-widget-container\">\n\t\t\t\t\t\t\t\t\t\t\t\t\t\t\t<img fetchpriority=\"high\" decoding=\"async\" width=\"1024\" height=\"342\" src=\"https:\/\/bigdentdentalclinic.com\/wp-content\/uploads\/2024\/06\/dan-su-veneer-1024x342.jpg\" class=\"attachment-large size-large wp-image-1753\" alt=\"\" srcset=\"https:\/\/bigdentdentalclinic.com\/wp-content\/uploads\/2024\/06\/dan-su-veneer-1024x342.jpg 1024w, https:\/\/bigdentdentalclinic.com\/wp-content\/uploads\/2024\/06\/dan-su-veneer-300x100.jpg 300w, https:\/\/bigdentdentalclinic.com\/wp-content\/uploads\/2024\/06\/dan-su-veneer-768x256.jpg 768w, https:\/\/bigdentdentalclinic.com\/wp-content\/uploads\/2024\/06\/dan-su-veneer-1536x512.jpg 1536w, https:\/\/bigdentdentalclinic.com\/wp-content\/uploads\/2024\/06\/dan-su-veneer.jpg 2000w\" sizes=\"(max-width: 1024px) 100vw, 1024px\" \/>\t\t\t\t\t\t\t\t\t\t\t\t\t\t\t<\/div>\n\t\t\t\t<\/div>\n\t\t\t\t\t<\/div>\n\t\t\t\t<\/div>\n\t\t<div class=\"elementor-element elementor-element-7e6f13cc e-flex e-con-boxed e-con e-parent\" data-id=\"7e6f13cc\" data-element_type=\"container\" data-e-type=\"container\" data-settings=\"{&quot;background_background&quot;:&quot;classic&quot;}\">\n\t\t\t\t\t<div class=\"e-con-inner\">\n\t\t<div class=\"elementor-element elementor-element-19d85476 e-con-full e-flex e-con e-child\" data-id=\"19d85476\" data-element_type=\"container\" data-e-type=\"container\" data-settings=\"{&quot;background_background&quot;:&quot;classic&quot;}\">\n\t\t\t\t<div class=\"elementor-element elementor-element-3dc53f0d elementor-widget elementor-widget-heading\" data-id=\"3dc53f0d\" data-element_type=\"widget\" data-e-type=\"widget\" data-widget_type=\"heading.default\">\n\t\t\t\t<div class=\"elementor-widget-container\">\n\t\t\t\t\t<h2 class=\"elementor-heading-title elementor-size-default\">D\u00e1n s\u1ee9 veneer l\u00e0 g\u00ec<\/h2>\t\t\t\t<\/div>\n\t\t\t\t<\/div>\n\t\t\t\t<div class=\"elementor-element elementor-element-58ae8cde elementor-widget-divider--view-line elementor-widget elementor-widget-divider\" data-id=\"58ae8cde\" data-element_type=\"widget\" data-e-type=\"widget\" data-widget_type=\"divider.default\">\n\t\t\t\t<div class=\"elementor-widget-container\">\n\t\t\t\t\t\t\t<div class=\"elementor-divider\">\n\t\t\t<span class=\"elementor-divider-separator\">\n\t\t\t\t\t\t<\/span>\n\t\t<\/div>\n\t\t\t\t\t\t<\/div>\n\t\t\t\t<\/div>\n\t\t\t\t<div class=\"elementor-element elementor-element-7249ba52 elementor-widget elementor-widget-text-editor\" data-id=\"7249ba52\" data-element_type=\"widget\" data-e-type=\"widget\" data-widget_type=\"text-editor.default\">\n\t\t\t\t<div class=\"elementor-widget-container\">\n\t\t\t\t\t\t\t\t\t<p>D\u00e1n s\u1ee9 Veneer (hay c\u00f2n g\u1ecdi l\u00e0 m\u1eb7t d\u00e1n s\u1ee9 Veneer) l\u00e0 m\u1ed9t ph\u01b0\u01a1ng ph\u00e1p s\u1eed d\u1ee5ng m\u1eb7t d\u00e1n l\u00e0m b\u1eb1ng l\u1edbp s\u1ee9 m\u1ecfng kho\u1ea3ng t\u1eeb 0.2 mm \u2013 0.5 mm.<\/p>\t\t\t\t\t\t\t\t<\/div>\n\t\t\t\t<\/div>\n\t\t\t\t<div class=\"elementor-element elementor-element-bfd19a2 elementor-widget elementor-widget-text-editor\" data-id=\"bfd19a2\" data-element_type=\"widget\" data-e-type=\"widget\" data-widget_type=\"text-editor.default\">\n\t\t\t\t<div class=\"elementor-widget-container\">\n\t\t\t\t\t\t\t\t\t<p>M\u1eb7t d\u00e1n s\u1ee9 n\u00e0y s\u1ebd \u0111\u01b0\u1ee3c d\u00e1n c\u1ed1 \u0111\u1ecbnh v\u00e0o b\u00ean ngo\u00e0i b\u1ec1 m\u1eb7t r\u0103ng c\u1ea7n \u0111\u01b0\u1ee3c ph\u1ee5c h\u00ecnh b\u1eb1ng keo d\u00e1n r\u0103ng s\u1ee9 chuy\u00ean d\u1ee5ng sao cho \u00f4m v\u1eeba kh\u00edt to\u00e0n th\u00e2n r\u0103ng m\u1ed9t c\u00e1ch t\u1ef1 nhi\u00ean nh\u1ea5t<\/p>\t\t\t\t\t\t\t\t<\/div>\n\t\t\t\t<\/div>\n\t\t\t\t<\/div>\n\t\t<div class=\"elementor-element elementor-element-3d8ee848 e-con-full e-flex e-con e-child\" data-id=\"3d8ee848\" data-element_type=\"container\" data-e-type=\"container\">\n\t\t\t\t<div class=\"elementor-element elementor-element-c5766ab elementor-widget elementor-widget-heading\" data-id=\"c5766ab\" data-element_type=\"widget\" data-e-type=\"widget\" data-widget_type=\"heading.default\">\n\t\t\t\t<div class=\"elementor-widget-container\">\n\t\t\t\t\t<h4 class=\"elementor-heading-title elementor-size-default\">\u01afu \u0111i\u1ec3m n\u1ed7i b\u1eadt c\u1ee7a d\u00e1n s\u1ee9 veneer<\/h4>\t\t\t\t<\/div>\n\t\t\t\t<\/div>\n\t\t\t\t<div class=\"elementor-element elementor-element-2d1e4a8c elementor-widget elementor-widget-text-editor\" data-id=\"2d1e4a8c\" data-element_type=\"widget\" data-e-type=\"widget\" data-widget_type=\"text-editor.default\">\n\t\t\t\t<div class=\"elementor-widget-container\">\n\t\t\t\t\t\t\t\t\t<ul><li><b>T\u00ednh th\u1ea9m m\u1ef9 cao:<\/b> M\u00e0u s\u1eafc t\u1ef1 nhi\u00ean nh\u01b0 r\u0103ng th\u1eadt, kh\u00f4ng \u0111\u1ed5i m\u00e0u theo th\u1eddi gian<\/li><li><b>D\u00e1n s\u1ee9 veneer:<\/b> Kh\u1eafc ph\u1ee5c t\u1ea5t c\u1ea3 c\u00e1c nh\u01b0\u1ee3c \u0111i\u1ec3m r\u0103ng hi\u1ec7n t\u1ea1i nh\u01b0: nhi\u1ec1m m\u00e0u, kh\u00f4ng \u0111\u1ec1u\u2026<\/li><li><b style=\"font-style: inherit; text-align: var(--text-align); background-color: var(--ast-global-color-4); color: var(--ast-global-color-3);\">T\u01b0\u01a1ng sinh h\u1ecdc v\u1edbi n\u01b0\u1edbu r\u0103ng:\u00a0<\/b><span style=\"font-style: inherit; font-weight: inherit; text-align: var(--text-align); background-color: var(--ast-global-color-4); color: var(--ast-global-color-3);\">kh\u00f4ng g\u00e2y bi\u1ebfn ch\u1ee9ng trong su\u1ed1t qu\u00e1 tr\u00ecnh s\u1eed d\u1ee5ng<\/span><\/li><li><b style=\"font-style: inherit; text-align: var(--text-align); background-color: var(--ast-global-color-4); color: var(--ast-global-color-3);\">\u0110\u1ed9 b\u1ec1n cao:<\/b><span style=\"font-style: inherit; font-weight: inherit; text-align: var(--text-align); background-color: var(--ast-global-color-4); color: var(--ast-global-color-3);\">\u00a0th\u1eddi gian s\u1eed d\u1ee5ng l\u00ean \u0111\u1ebfn 20 n\u0103m v\u00e0 c\u00f3 th\u1ec3 s\u1eed d\u1ee5ng v\u0129nh vi\u1ec5n n\u1ebfu ch\u0103m s\u00f3c, v\u1ec7 sinh \u0111\u00fang c\u00e1ch<\/span><\/li><li><b>B\u1ea3o t\u1ed3n r\u0103ng:<\/b> kh\u00f4ng m\u00e0i r\u0103ng qu\u00e1 nhi\u1ec1u, t\u1ec9 l\u1ec7 m\u00e0i ch\u1ec9 t\u1eeb 0,2 \u0111\u1ebfn 0.7 mm.Nha Khoa HO\u00c0NG L\u00ca lu\u00f4n \u01b0u ti\u00ean b\u1ea3o t\u1ed3n r\u0103ng t\u1ed1i \u0111a c\u1ee7a b\u1ea1n<\/li><li><b>B\u1ea3o v\u1ec7 tu\u1ef7 r\u0103ng:<\/b> kh\u00f4ng \u0111au, kh\u00f4ng nh\u1ea1y c\u1ea3m: T\u1ef7 l\u1ec7 m\u00e0i \u00edt n\u00ean kh\u00f4ng \u1ea3nh h\u01b0\u1edfng \u0111\u1ebfn c\u1ea5u tr\u00fac c\u1ee7a r\u0103ng, kh\u00f4ng x\u00e2m l\u1ea5n m\u00f4 r\u0103ng n\u00ean kh\u00f4ng \u1ea3nh h\u01b0\u1edfng \u0111\u1ebfn tu\u1ef7 r\u0103ng, g\u00e2y ch\u1ebft tu\u1ef7 r\u0103ng.B\u1ea1n ho\u00e0i to\u00e0n c\u1ea3m h\u1ea5y d\u1ec5 ch\u1ecbu v\u00e0 tho\u1ea3i m\u00e1i.<\/li><\/ul>\t\t\t\t\t\t\t\t<\/div>\n\t\t\t\t<\/div>\n\t\t\t\t<div class=\"elementor-element elementor-element-8b05723 elementor-widget elementor-widget-heading\" data-id=\"8b05723\" data-element_type=\"widget\" data-e-type=\"widget\" data-widget_type=\"heading.default\">\n\t\t\t\t<div class=\"elementor-widget-container\">\n\t\t\t\t\t<h4 class=\"elementor-heading-title elementor-size-default\">L\u01b0u \u00fd tr\u01b0\u1edbc khi d\u00e1n veneer<\/h4>\t\t\t\t<\/div>\n\t\t\t\t<\/div>\n\t\t\t\t<div class=\"elementor-element elementor-element-7a8ab26 elementor-widget elementor-widget-text-editor\" data-id=\"7a8ab26\" data-element_type=\"widget\" data-e-type=\"widget\" data-widget_type=\"text-editor.default\">\n\t\t\t\t<div class=\"elementor-widget-container\">\n\t\t\t\t\t\t\t\t\t<ul><li><span style=\"font-style: inherit; font-weight: inherit; text-align: var(--text-align); background-color: var(--ast-global-color-4); color: var(--ast-global-color-3);\">Kh\u1edbp c\u1eafn c\u1ee7a b\u1ec7nh nh\u00e2n \u0111\u1ec1u, tr\u00e1nh t\u00ecnh tr\u1ea1ng c\u1eafn ng\u01b0\u1ee3c, r\u0103ng m\u1ecdc l\u1ec7ch nhi\u1ec1u<\/span><\/li><li><span style=\"font-style: inherit; font-weight: inherit; text-align: var(--text-align); background-color: var(--ast-global-color-4); color: var(--ast-global-color-3);\">M\u00e0i r\u0103ng v\u1eeba \u0111\u1ee7 kho\u1ea3ng d\u00e1n s\u1ee9,kh\u00f4ng m\u00e0i qu\u00e1 nhi\u1ec1u c\u00f9i r\u0103ng<\/span><\/li><li>Ch\u1ecdn m\u00e0u s\u1eafc m\u1eb7t d\u00e1n ph\u00f9 v\u1edbi v\u1edbi khu\u00f4n m\u1eb7t b\u1ec7nh nh\u00e2n<\/li><li>M\u1eb7t d\u00e1n s\u1ee9 \u0111\u1ea3m b\u1ea3o ch\u00ednh h\u00e3ng, c\u00f3 ngu\u1ed3n g\u1ed1c r\u00f5 r\u00e0ng<\/li><li>Ch\u1ea5t keo g\u1eafn m\u1eb7t d\u00e1n s\u1ee9 ph\u1ee5 h\u1ee3p v\u1edbi men r\u0103ng c\u1ee7a b\u1ec7nh nh\u00e2n<\/li><li>T\u00e1i kh\u00e1m \u0111\u1ecbnh k\u1ef3 theo l\u1ecbch c\u1ee7a b\u00e1c s\u0129, \u0111\u1ea3m b\u1ea3o m\u1eb7t d\u00e1n t\u01b0\u01a1ng th\u00edch v\u1edbi men r\u0103ng c\u1ee7a b\u1ec7nh nh\u00e2n<\/li><\/ul>\t\t\t\t\t\t\t\t<\/div>\n\t\t\t\t<\/div>\n\t\t\t\t<\/div>\n\t\t\t\t\t<\/div>\n\t\t\t\t<\/div>\n\t\t\t\t<section class=\"elementor-section elementor-top-section elementor-element elementor-element-8261213 elementor-section-content-middle elementor-section-boxed elementor-section-height-default elementor-section-height-default\" data-id=\"8261213\" data-element_type=\"section\" data-e-type=\"section\" data-settings=\"{&quot;background_background&quot;:&quot;classic&quot;}\">\n\t\t\t\t\t\t<div class=\"elementor-container elementor-column-gap-no\">\n\t\t\t\t\t<div class=\"elementor-column elementor-col-100 elementor-top-column elementor-element elementor-element-7a95ade\" data-id=\"7a95ade\" data-element_type=\"column\" data-e-type=\"column\">\n\t\t\t<div class=\"elementor-widget-wrap elementor-element-populated\">\n\t\t\t\t\t\t<div class=\"elementor-element elementor-element-3df76f8 elementor-widget elementor-widget-heading\" data-id=\"3df76f8\" data-element_type=\"widget\" data-e-type=\"widget\" data-widget_type=\"heading.default\">\n\t\t\t\t<div class=\"elementor-widget-container\">\n\t\t\t\t\t<h2 class=\"elementor-heading-title elementor-size-default\">C\u00e2u h\u1ecfi th\u01b0\u1eddng g\u1eb7p<\/h2>\t\t\t\t<\/div>\n\t\t\t\t<\/div>\n\t\t\t\t<div class=\"elementor-element elementor-element-188eacb elementor-widget-divider--view-line elementor-widget elementor-widget-divider\" data-id=\"188eacb\" data-element_type=\"widget\" data-e-type=\"widget\" data-widget_type=\"divider.default\">\n\t\t\t\t<div class=\"elementor-widget-container\">\n\t\t\t\t\t\t\t<div class=\"elementor-divider\">\n\t\t\t<span class=\"elementor-divider-separator\">\n\t\t\t\t\t\t<\/span>\n\t\t<\/div>\n\t\t\t\t\t\t<\/div>\n\t\t\t\t<\/div>\n\t\t\t\t<div class=\"elementor-element elementor-element-e7be758 elementor-widget elementor-widget-heading\" data-id=\"e7be758\" data-element_type=\"widget\" data-e-type=\"widget\" data-widget_type=\"heading.default\">\n\t\t\t\t<div class=\"elementor-widget-container\">\n\t\t\t\t\t<h5 class=\"elementor-heading-title elementor-size-default\">Gi\u1ea3i \u0111\u00e1p c\u00e1c th\u1eafc m\u1eafc kh\u00e1ch h\u00e0ng<\/h5>\t\t\t\t<\/div>\n\t\t\t\t<\/div>\n\t\t\t\t<div class=\"elementor-element elementor-element-247567b elementor-widget elementor-widget-toggle\" data-id=\"247567b\" data-element_type=\"widget\" data-e-type=\"widget\" data-widget_type=\"toggle.default\">\n\t\t\t\t<div class=\"elementor-widget-container\">\n\t\t\t\t\t\t\t<div class=\"elementor-toggle\">\n\t\t\t\t\t\t\t<div class=\"elementor-toggle-item\">\n\t\t\t\t\t<div id=\"elementor-tab-title-3821\" class=\"elementor-tab-title\" data-tab=\"1\" role=\"button\" aria-controls=\"elementor-tab-content-3821\" aria-expanded=\"false\">\n\t\t\t\t\t\t\t\t\t\t\t\t<span class=\"elementor-toggle-icon elementor-toggle-icon-right\" aria-hidden=\"true\">\n\t\t\t\t\t\t\t\t\t\t\t\t\t\t\t<span class=\"elementor-toggle-icon-closed\"><i class=\"icon icon-plus\"><\/i><\/span>\n\t\t\t\t\t\t\t\t<span class=\"elementor-toggle-icon-opened\"><i class=\"elementor-toggle-icon-opened icon icon-minus\"><\/i><\/span>\n\t\t\t\t\t\t\t\t\t\t\t\t\t<\/span>\n\t\t\t\t\t\t\t\t\t\t\t\t<a class=\"elementor-toggle-title\" tabindex=\"0\">C\u00f3 n\u00ean tr\u1ed3ng c\u1ea7u r\u0103ng s\u1ee9 r\u0103ng c\u1eeda kh\u00f4ng?<\/a>\n\t\t\t\t\t<\/div>\n\n\t\t\t\t\t<div id=\"elementor-tab-content-3821\" class=\"elementor-tab-content elementor-clearfix\" data-tab=\"1\" role=\"region\" aria-labelledby=\"elementor-tab-title-3821\"><p>V\u1edbi v\u1ecb tr\u00ed r\u0103ng c\u1eeda, c\u1ea7u r\u0103ng s\u1ebd c\u00f3 tu\u1ed5i th\u1ecd cao h\u01a1n so v\u1edbi c\u00e1c v\u1ecb tr\u00ed r\u0103ng h\u00e0m. L\u00fac n\u00e0y, kh\u00e1ch h\u00e0ng c\u00f3 th\u1ec3 s\u1eed d\u1ee5ng b\u1ec1n l\u00e2u. Th\u00f4ng th\u01b0\u1eddng tu\u1ed5i th\u1ecd trung b\u00ecnh c\u1ee7a c\u1ea7u r\u0103ng s\u1ee9 dao \u0111\u1ed9ng trong kho\u1ea3ng t\u1eeb 7 \u2013 10 n\u0103m. V\u1edbi c\u1ea7u r\u0103ng c\u1eeda b\u1ea1n ch\u1ec9 c\u1ea7n ch\u0103m s\u00f3c c\u1ea9n th\u1eadn s\u1ebd c\u00f3 th\u1ec3 s\u1eed d\u1ee5ng l\u00e2u d\u00e0i.<\/p><\/div>\n\t\t\t\t<\/div>\n\t\t\t\t\t\t\t<div class=\"elementor-toggle-item\">\n\t\t\t\t\t<div id=\"elementor-tab-title-3822\" class=\"elementor-tab-title\" data-tab=\"2\" role=\"button\" aria-controls=\"elementor-tab-content-3822\" aria-expanded=\"false\">\n\t\t\t\t\t\t\t\t\t\t\t\t<span class=\"elementor-toggle-icon elementor-toggle-icon-right\" aria-hidden=\"true\">\n\t\t\t\t\t\t\t\t\t\t\t\t\t\t\t<span class=\"elementor-toggle-icon-closed\"><i class=\"icon icon-plus\"><\/i><\/span>\n\t\t\t\t\t\t\t\t<span class=\"elementor-toggle-icon-opened\"><i class=\"elementor-toggle-icon-opened icon icon-minus\"><\/i><\/span>\n\t\t\t\t\t\t\t\t\t\t\t\t\t<\/span>\n\t\t\t\t\t\t\t\t\t\t\t\t<a class=\"elementor-toggle-title\" tabindex=\"0\">N\u00ean l\u00e0m c\u1ea7u r\u0103ng hay Implant?<\/a>\n\t\t\t\t\t<\/div>\n\n\t\t\t\t\t<div id=\"elementor-tab-content-3822\" class=\"elementor-tab-content elementor-clearfix\" data-tab=\"2\" role=\"region\" aria-labelledby=\"elementor-tab-title-3822\"><p>M\u1ed7i ph\u01b0\u01a1ng ph\u00e1p \u0111\u1ec1u c\u00f3 nh\u1eefng \u01b0u v\u00e0 nh\u01b0\u1ee3c \u0111i\u1ec3m ri\u00eang. N\u00ean l\u00e0m c\u1ea7u r\u0103ng hay Implant ph\u1ee5 thu\u1ed9c v\u00e0o s\u1ef1 l\u1ef1a ch\u1ecdn c\u1ee7a b\u1ea1n. \u0110\u1ec3 c\u00f3 \u0111\u01b0\u1ee3c \u0111\u00e1nh gi\u00e1 t\u1ed1t nh\u1ea5t n\u00ean nhanh ch\u00f3ng li\u00ean h\u1ec7 \u0111\u1ebfn nha khoa \u0111\u1ec3 \u0111\u01b0\u1ee3c t\u01b0 v\u1ea5n t\u1ed1t h\u01a1n. Ri\u00eang \u0111\u1ed1i v\u1edbi c\u1ea5y gh\u00e9p Implant kh\u00e1ch h\u00e0ng ch\u1ec9 n\u00ean \u0111\u1ebfn v\u1edbi nh\u1eefng c\u01a1 s\u1edf uy t\u00edn v\u00e0 chuy\u00ean nghi\u1ec7p. N\u00ean l\u00e0m c\u1ea7u r\u0103ng hay Implant c\u00f2n ph\u1ee5 thu\u1ed9c v\u00e0o nhi\u1ec1u v\u1ea5n \u0111\u1ec1 kh\u00e1c nhau.<\/p><\/div>\n\t\t\t\t<\/div>\n\t\t\t\t\t\t\t<div class=\"elementor-toggle-item\">\n\t\t\t\t\t<div id=\"elementor-tab-title-3823\" class=\"elementor-tab-title\" data-tab=\"3\" role=\"button\" aria-controls=\"elementor-tab-content-3823\" aria-expanded=\"false\">\n\t\t\t\t\t\t\t\t\t\t\t\t<span class=\"elementor-toggle-icon elementor-toggle-icon-right\" aria-hidden=\"true\">\n\t\t\t\t\t\t\t\t\t\t\t\t\t\t\t<span class=\"elementor-toggle-icon-closed\"><i class=\"icon icon-plus\"><\/i><\/span>\n\t\t\t\t\t\t\t\t<span class=\"elementor-toggle-icon-opened\"><i class=\"elementor-toggle-icon-opened icon icon-minus\"><\/i><\/span>\n\t\t\t\t\t\t\t\t\t\t\t\t\t<\/span>\n\t\t\t\t\t\t\t\t\t\t\t\t<a class=\"elementor-toggle-title\" tabindex=\"0\">Tr\u1ed3ng c\u1ea7u r\u0103ng s\u1ee9 c\u00f3 \u0111au kh\u00f4ng?<\/a>\n\t\t\t\t\t<\/div>\n\n\t\t\t\t\t<div id=\"elementor-tab-content-3823\" class=\"elementor-tab-content elementor-clearfix\" data-tab=\"3\" role=\"region\" aria-labelledby=\"elementor-tab-title-3823\"><p>H\u1ea7u h\u1ebft m\u1ecdi kh\u00e1ch h\u00e0ng \u0111\u1ec1u lo ng\u1ea1i ti\u1ebfn h\u00e0nh l\u00e0m c\u1ea7u r\u0103ng s\u1ebd ph\u1ea3i \u0111\u1ed1i di\u1ec7n v\u1edbi t\u00ecnh tr\u1ea1ng \u0111au \u0111\u1edbn. V\u1edbi s\u1ef1 ph\u00e1t tri\u1ec3n v\u01b0\u1ee3t tr\u1ed9i c\u1ee7a c\u00e1c k\u1ef9 thu\u1eadt \u1ee9ng d\u1ee5ng nha khoa, qu\u00e1 tr\u00ecnh th\u1ea9m m\u1ef9 r\u0103ng kh\u00f4ng c\u00f3 g\u00ec qu\u00e1 nguy hi\u1ec3m. V\u1ec1 c\u01a1 b\u1ea3n, l\u00e0m c\u1ea7u r\u0103ng c\u00f3 \u0111au hay kh\u00f4ng ph\u1ee5 thu\u1ed9c v\u00e0o c\u00f4ng \u0111o\u1ea1n m\u00e0i r\u0103ng. T\u00f9y v\u00e0o c\u1ea3m nh\u1eadn c\u1ee7a t\u1eebng kh\u00e1ch h\u00e0ng s\u1ebd kh\u00e1c nhau. C\u00f3 nhi\u1ec1u tr\u01b0\u1eddng h\u1ee3p kh\u00e1ch h\u00e0ng c\u1ea3m th\u1ea5y \u00ea bu\u1ed1t \u2013 \u0111au nh\u1ee9c nh\u01b0ng c\u0169ng c\u00f3 nhi\u1ec1u kh\u00e1ch h\u00e0ng kh\u00f4ng g\u1eb7p ph\u1ea3i b\u1ea5t k\u1ef3 v\u1ea5n \u0111\u1ec1 n\u00e0o c\u1ea3.<\/p><\/div>\n\t\t\t\t<\/div>\n\t\t\t\t\t\t\t<div class=\"elementor-toggle-item\">\n\t\t\t\t\t<div id=\"elementor-tab-title-3824\" class=\"elementor-tab-title\" data-tab=\"4\" role=\"button\" aria-controls=\"elementor-tab-content-3824\" aria-expanded=\"false\">\n\t\t\t\t\t\t\t\t\t\t\t\t<span class=\"elementor-toggle-icon elementor-toggle-icon-right\" aria-hidden=\"true\">\n\t\t\t\t\t\t\t\t\t\t\t\t\t\t\t<span class=\"elementor-toggle-icon-closed\"><i class=\"icon icon-plus\"><\/i><\/span>\n\t\t\t\t\t\t\t\t<span class=\"elementor-toggle-icon-opened\"><i class=\"elementor-toggle-icon-opened icon icon-minus\"><\/i><\/span>\n\t\t\t\t\t\t\t\t\t\t\t\t\t<\/span>\n\t\t\t\t\t\t\t\t\t\t\t\t<a class=\"elementor-toggle-title\" tabindex=\"0\">Tr\u1ed3ng c\u1ea7u r\u0103ng s\u1ee9 c\u00f3 \u0111au kh\u00f4ng?<\/a>\n\t\t\t\t\t<\/div>\n\n\t\t\t\t\t<div id=\"elementor-tab-content-3824\" class=\"elementor-tab-content elementor-clearfix\" data-tab=\"4\" role=\"region\" aria-labelledby=\"elementor-tab-title-3824\"><p>H\u1ea7u h\u1ebft m\u1ecdi kh\u00e1ch h\u00e0ng \u0111\u1ec1u lo ng\u1ea1i ti\u1ebfn h\u00e0nh l\u00e0m c\u1ea7u r\u0103ng s\u1ebd ph\u1ea3i \u0111\u1ed1i di\u1ec7n v\u1edbi t\u00ecnh tr\u1ea1ng \u0111au \u0111\u1edbn. V\u1edbi s\u1ef1 ph\u00e1t tri\u1ec3n v\u01b0\u1ee3t tr\u1ed9i c\u1ee7a c\u00e1c k\u1ef9 thu\u1eadt \u1ee9ng d\u1ee5ng nha khoa, qu\u00e1 tr\u00ecnh th\u1ea9m m\u1ef9 r\u0103ng kh\u00f4ng c\u00f3 g\u00ec qu\u00e1 nguy hi\u1ec3m. V\u1ec1 c\u01a1 b\u1ea3n, l\u00e0m c\u1ea7u r\u0103ng c\u00f3 \u0111au hay kh\u00f4ng ph\u1ee5 thu\u1ed9c v\u00e0o c\u00f4ng \u0111o\u1ea1n m\u00e0i r\u0103ng. T\u00f9y v\u00e0o c\u1ea3m nh\u1eadn c\u1ee7a t\u1eebng kh\u00e1ch h\u00e0ng s\u1ebd kh\u00e1c nhau. C\u00f3 nhi\u1ec1u tr\u01b0\u1eddng h\u1ee3p kh\u00e1ch h\u00e0ng c\u1ea3m th\u1ea5y \u00ea bu\u1ed1t \u2013 \u0111au nh\u1ee9c nh\u01b0ng c\u0169ng c\u00f3 nhi\u1ec1u kh\u00e1ch h\u00e0ng kh\u00f4ng g\u1eb7p ph\u1ea3i b\u1ea5t k\u1ef3 v\u1ea5n \u0111\u1ec1 n\u00e0o c\u1ea3.<\/p><\/div>\n\t\t\t\t<\/div>\n\t\t\t\t\t\t\t\t<\/div>\n\t\t\t\t\t\t<\/div>\n\t\t\t\t<\/div>\n\t\t\t\t\t<\/div>\n\t\t<\/div>\n\t\t\t\t\t<\/div>\n\t\t<\/section>\n\t\t\t\t<\/div>","protected":false},"excerpt":{"rendered":"<p>D\u00e1n s\u1ee9 veneer l\u00e0 g\u00ec D\u00e1n s\u1ee9 Veneer (hay c\u00f2n g\u1ecdi l\u00e0 m\u1eb7t d\u00e1n s\u1ee9 Veneer) l\u00e0 m\u1ed9t ph\u01b0\u01a1ng ph\u00e1p s\u1eed d\u1ee5ng m\u1eb7t d\u00e1n l\u00e0m b\u1eb1ng l\u1edbp s\u1ee9 m\u1ecfng kho\u1ea3ng t\u1eeb 0.2 mm \u2013 0.5 mm. M\u1eb7t d\u00e1n s\u1ee9 n\u00e0y s\u1ebd \u0111\u01b0\u1ee3c d\u00e1n c\u1ed1 \u0111\u1ecbnh v\u00e0o b\u00ean ngo\u00e0i b\u1ec1 m\u1eb7t r\u0103ng c\u1ea7n \u0111\u01b0\u1ee3c ph\u1ee5c h\u00ecnh [&hellip;]<\/p>\n","protected":false},"author":1,"featured_media":0,"parent":0,"menu_order":0,"comment_status":"closed","ping_status":"closed","template":"","meta":{"inline_featured_image":false,"_uag_custom_page_level_css":"","site-sidebar-layout":"no-sidebar","site-content-layout":"page-builder","ast-site-content-layout":"full-width-container","site-content-style":"default","site-sidebar-style":"default","ast-global-header-display":"","ast-banner-title-visibility":"","ast-main-header-display":"","ast-hfb-above-header-display":"","ast-hfb-below-header-display":"","ast-hfb-mobile-header-display":"","site-post-title":"disabled","ast-breadcrumbs-content":"","ast-featured-img":"disabled","footer-sml-layout":"disabled","ast-disable-related-posts":"","theme-transparent-header-meta":"","adv-header-id-meta":"","stick-header-meta":"","header-above-stick-meta":"","header-main-stick-meta":"","header-below-stick-meta":"","astra-migrate-meta-layouts":"set","ast-page-background-enabled":"default","ast-page-background-meta":{"desktop":{"background-color":"","background-image":"","background-repeat":"repeat","background-position":"center center","background-size":"auto","background-attachment":"scroll","background-type":"","background-media":"","overlay-type":"","overlay-color":"","overlay-opacity":"","overlay-gradient":""},"tablet":{"background-color":"","background-image":"","background-repeat":"repeat","background-position":"center center","background-size":"auto","background-attachment":"scroll","background-type":"","background-media":"","overlay-type":"","overlay-color":"","overlay-opacity":"","overlay-gradient":""},"mobile":{"background-color":"","background-image":"","background-repeat":"repeat","background-position":"center center","background-size":"auto","background-attachment":"scroll","background-type":"","background-media":"","overlay-type":"","overlay-color":"","overlay-opacity":"","overlay-gradient":""}},"ast-content-background-meta":{"desktop":{"background-color":"var(--ast-global-color-5)","background-image":"","background-repeat":"repeat","background-position":"center center","background-size":"auto","background-attachment":"scroll","background-type":"","background-media":"","overlay-type":"","overlay-color":"","overlay-opacity":"","overlay-gradient":""},"tablet":{"background-color":"var(--ast-global-color-5)","background-image":"","background-repeat":"repeat","background-position":"center center","background-size":"auto","background-attachment":"scroll","background-type":"","background-media":"","overlay-type":"","overlay-color":"","overlay-opacity":"","overlay-gradient":""},"mobile":{"background-color":"var(--ast-global-color-5)","background-image":"","background-repeat":"repeat","background-position":"center center","background-size":"auto","background-attachment":"scroll","background-type":"","background-media":"","overlay-type":"","overlay-color":"","overlay-opacity":"","overlay-gradient":""}},"footnotes":""},"class_list":["post-891","page","type-page","status-publish","hentry"],"aioseo_notices":[],"uagb_featured_image_src":{"full":false,"thumbnail":false,"medium":false,"medium_large":false,"large":false,"1536x1536":false,"2048x2048":false,"trp-custom-language-flag":false,"depicter-thumbnail":false},"uagb_author_info":{"display_name":"bigdentdentalclinic.com","author_link":"https:\/\/bigdentdentalclinic.com\/en\/author\/mediumblue-falcon-489895-hostingersite-com\/"},"uagb_comment_info":0,"uagb_excerpt":"D\u00e1n s\u1ee9 veneer l\u00e0 g\u00ec D\u00e1n s\u1ee9 Veneer (hay c\u00f2n g\u1ecdi l\u00e0 m\u1eb7t d\u00e1n s\u1ee9 Veneer) l\u00e0 m\u1ed9t ph\u01b0\u01a1ng ph\u00e1p s\u1eed d\u1ee5ng m\u1eb7t d\u00e1n l\u00e0m b\u1eb1ng l\u1edbp s\u1ee9 m\u1ecfng kho\u1ea3ng t\u1eeb 0.2 mm \u2013 0.5 mm. M\u1eb7t d\u00e1n s\u1ee9 n\u00e0y s\u1ebd \u0111\u01b0\u1ee3c d\u00e1n c\u1ed1 \u0111\u1ecbnh v\u00e0o b\u00ean ngo\u00e0i b\u1ec1 m\u1eb7t r\u0103ng c\u1ea7n \u0111\u01b0\u1ee3c ph\u1ee5c h\u00ecnh&hellip;","_links":{"self":[{"href":"https:\/\/bigdentdentalclinic.com\/en\/wp-json\/wp\/v2\/pages\/891","targetHints":{"allow":["GET"]}}],"collection":[{"href":"https:\/\/bigdentdentalclinic.com\/en\/wp-json\/wp\/v2\/pages"}],"about":[{"href":"https:\/\/bigdentdentalclinic.com\/en\/wp-json\/wp\/v2\/types\/page"}],"author":[{"embeddable":true,"href":"https:\/\/bigdentdentalclinic.com\/en\/wp-json\/wp\/v2\/users\/1"}],"replies":[{"embeddable":true,"href":"https:\/\/bigdentdentalclinic.com\/en\/wp-json\/wp\/v2\/comments?post=891"}],"version-history":[{"count":22,"href":"https:\/\/bigdentdentalclinic.com\/en\/wp-json\/wp\/v2\/pages\/891\/revisions"}],"predecessor-version":[{"id":2816,"href":"https:\/\/bigdentdentalclinic.com\/en\/wp-json\/wp\/v2\/pages\/891\/revisions\/2816"}],"wp:attachment":[{"href":"https:\/\/bigdentdentalclinic.com\/en\/wp-json\/wp\/v2\/media?parent=891"}],"curies":[{"name":"wp","href":"https:\/\/api.w.org\/{rel}","templated":true}]}}