{"id":903,"date":"2024-06-07T14:56:37","date_gmt":"2024-06-07T12:56:37","guid":{"rendered":"https:\/\/bigdentdentalclinic.com\/?page_id=903"},"modified":"2024-08-12T06:58:22","modified_gmt":"2024-08-11T23:58:22","slug":"dieu-tri-hoi-mieng","status":"publish","type":"page","link":"https:\/\/bigdentdentalclinic.com\/en\/dieu-tri-hoi-mieng\/","title":{"rendered":"Treating bad breath"},"content":{"rendered":"<div data-elementor-type=\"wp-page\" data-elementor-id=\"903\" class=\"elementor elementor-903\">\n\t\t\t\t<div class=\"elementor-element elementor-element-b5a86d9 e-flex e-con-boxed e-con e-parent\" data-id=\"b5a86d9\" data-element_type=\"container\" data-e-type=\"container\" data-settings=\"{&quot;background_background&quot;:&quot;classic&quot;}\">\n\t\t\t\t\t<div class=\"e-con-inner\">\n\t\t\t\t<div class=\"elementor-element elementor-element-8c7adac elementor-widget elementor-widget-image\" data-id=\"8c7adac\" data-element_type=\"widget\" data-e-type=\"widget\" data-widget_type=\"image.default\">\n\t\t\t\t<div class=\"elementor-widget-container\">\n\t\t\t\t\t\t\t\t\t\t\t\t\t\t\t<img fetchpriority=\"high\" decoding=\"async\" width=\"1024\" height=\"342\" src=\"https:\/\/bigdentdentalclinic.com\/wp-content\/uploads\/2024\/07\/dieu-tri-hoi-mieng-nha-khoa-hoang-le-3-1024x342.jpg\" class=\"attachment-large size-large wp-image-1859\" alt=\"\" srcset=\"https:\/\/bigdentdentalclinic.com\/wp-content\/uploads\/2024\/07\/dieu-tri-hoi-mieng-nha-khoa-hoang-le-3-1024x342.jpg 1024w, https:\/\/bigdentdentalclinic.com\/wp-content\/uploads\/2024\/07\/dieu-tri-hoi-mieng-nha-khoa-hoang-le-3-300x100.jpg 300w, https:\/\/bigdentdentalclinic.com\/wp-content\/uploads\/2024\/07\/dieu-tri-hoi-mieng-nha-khoa-hoang-le-3-768x256.jpg 768w, https:\/\/bigdentdentalclinic.com\/wp-content\/uploads\/2024\/07\/dieu-tri-hoi-mieng-nha-khoa-hoang-le-3-1536x512.jpg 1536w, https:\/\/bigdentdentalclinic.com\/wp-content\/uploads\/2024\/07\/dieu-tri-hoi-mieng-nha-khoa-hoang-le-3.jpg 2000w\" sizes=\"(max-width: 1024px) 100vw, 1024px\" \/>\t\t\t\t\t\t\t\t\t\t\t\t\t\t\t<\/div>\n\t\t\t\t<\/div>\n\t\t\t\t\t<\/div>\n\t\t\t\t<\/div>\n\t\t<div class=\"elementor-element elementor-element-59849d99 e-flex e-con-boxed e-con e-parent\" data-id=\"59849d99\" data-element_type=\"container\" data-e-type=\"container\" data-settings=\"{&quot;background_background&quot;:&quot;classic&quot;}\">\n\t\t\t\t\t<div class=\"e-con-inner\">\n\t\t<div class=\"elementor-element elementor-element-5f2f4e81 e-con-full e-flex e-con e-child\" data-id=\"5f2f4e81\" data-element_type=\"container\" data-e-type=\"container\" data-settings=\"{&quot;background_background&quot;:&quot;classic&quot;}\">\n\t\t\t\t<div class=\"elementor-element elementor-element-5a1115fb elementor-widget elementor-widget-heading\" data-id=\"5a1115fb\" data-element_type=\"widget\" data-e-type=\"widget\" data-widget_type=\"heading.default\">\n\t\t\t\t<div class=\"elementor-widget-container\">\n\t\t\t\t\t<h2 class=\"elementor-heading-title elementor-size-default\">C\u00e1c nguy\u00ean nh\u00e2n g\u00e2y h\u00f4i mi\u1ec7ng?<\/h2>\t\t\t\t<\/div>\n\t\t\t\t<\/div>\n\t\t\t\t<div class=\"elementor-element elementor-element-2ed90167 elementor-widget-divider--view-line elementor-widget elementor-widget-divider\" data-id=\"2ed90167\" data-element_type=\"widget\" data-e-type=\"widget\" data-widget_type=\"divider.default\">\n\t\t\t\t<div class=\"elementor-widget-container\">\n\t\t\t\t\t\t\t<div class=\"elementor-divider\">\n\t\t\t<span class=\"elementor-divider-separator\">\n\t\t\t\t\t\t<\/span>\n\t\t<\/div>\n\t\t\t\t\t\t<\/div>\n\t\t\t\t<\/div>\n\t\t\t\t<div class=\"elementor-element elementor-element-78246017 elementor-widget elementor-widget-text-editor\" data-id=\"78246017\" data-element_type=\"widget\" data-e-type=\"widget\" data-widget_type=\"text-editor.default\">\n\t\t\t\t<div class=\"elementor-widget-container\">\n\t\t\t\t\t\t\t\t\t<p>H\u00f4i mi\u1ec7ng l\u00e0 ch\u1ee9ng b\u1ec7nh ph\u1ed5 bi\u1ebfn m\u00e0 nhi\u1ec1u ng\u01b0\u1eddi m\u1eafc ph\u1ea3i. Ch\u1ee9ng h\u00f4i mi\u1ec7ng c\u00f3 th\u1ec3 c\u1ea3n tr\u1edf b\u1ea1n trong giao ti\u1ebfp h\u00e0ng ng\u00e0y v\u00ec t\u00e2m l\u00fd t\u1ef1 ti, h\u01a1i th\u1edf c\u00f3 m\u00f9i khi\u1ebfn ng\u01b0\u1eddi kh\u00e1c kh\u00f3 ch\u1ecbu. Nguy\u00ean nh\u00e2n h\u00f4i mi\u1ec7ng c\u00f3 th\u1ec3 l\u00e0 do ch\u0103m s\u00f3c s\u1ee9c kh\u1ecfe r\u0103ng mi\u1ec7ng kh\u00f4ng k\u0129 c\u00e0ng, do lo\u1ea1i th\u1ef1c ph\u1ea9m b\u1ea1n \u0103n v\u00e0 c\u0169ng c\u00f3 th\u1ec3 l\u00e0 d\u1ea5u hi\u1ec7u c\u1ee7a c\u00e1c v\u1ea5n \u0111\u1ec1 s\u1ee9c kh\u1ecfe kh\u00e1c.<\/p>\t\t\t\t\t\t\t\t<\/div>\n\t\t\t\t<\/div>\n\t\t\t\t<div class=\"elementor-element elementor-element-7833cb1 elementor-widget elementor-widget-text-editor\" data-id=\"7833cb1\" data-element_type=\"widget\" data-e-type=\"widget\" data-widget_type=\"text-editor.default\">\n\t\t\t\t<div class=\"elementor-widget-container\">\n\t\t\t\t\t\t\t\t\t<p>C\u00f9ng Nha Khoa Ho\u00e0ng L\u00ea t\u00ecm hi\u1ec3u nguy\u00ean nh\u00e2n g\u00e2y h\u00f4i mi\u1ec7ng v\u00e0 c\u00e1ch \u0111i\u1ec1u tr\u1ecb h\u00f4i mi\u1ec7ng trong b\u00e0i vi\u1ebft d\u01b0\u1edbi \u0111\u00e2y b\u1ea1n nh\u00e9!<\/p>\t\t\t\t\t\t\t\t<\/div>\n\t\t\t\t<\/div>\n\t\t\t\t<\/div>\n\t\t<div class=\"elementor-element elementor-element-2055cb56 e-con-full e-flex e-con e-child\" data-id=\"2055cb56\" data-element_type=\"container\" data-e-type=\"container\">\n\t\t\t\t<div class=\"elementor-element elementor-element-5f8fa8a5 elementor-widget elementor-widget-heading\" data-id=\"5f8fa8a5\" data-element_type=\"widget\" data-e-type=\"widget\" data-widget_type=\"heading.default\">\n\t\t\t\t<div class=\"elementor-widget-container\">\n\t\t\t\t\t<h4 class=\"elementor-heading-title elementor-size-default\">C\u00e1c lo\u1ea1i th\u1ee9c \u0103n \u1ea3nh h\u01b0\u1edfng \u0111\u1ebfn h\u01a1i th\u1edf<\/h4>\t\t\t\t<\/div>\n\t\t\t\t<\/div>\n\t\t\t\t<div class=\"elementor-element elementor-element-75afbe37 elementor-widget elementor-widget-text-editor\" data-id=\"75afbe37\" data-element_type=\"widget\" data-e-type=\"widget\" data-widget_type=\"text-editor.default\">\n\t\t\t\t<div class=\"elementor-widget-container\">\n\t\t\t\t\t\t\t\t\t<p>T\u1ea5t c\u1ea3 c\u00e1c th\u1ef1c ph\u1ea9m khi \u0103n \u0111\u1ec1u \u0111\u01b0\u1ee3c nghi\u1ec1n nh\u1ecf trong mi\u1ec7ng. N\u1ebfu b\u1ea1n \u0103n c\u00e1c lo\u1ea1i th\u1ee9c \u0103n c\u00f3 m\u00f9i (nh\u01b0 t\u1ecfi, h\u00e0nh t\u00e2y, m\u1eafm n\u00eam\u2026) th\u00ec \u0111\u00e1nh r\u0103ng hay d\u00f9ng n\u01b0\u1edbc s\u00fac mi\u1ec7ng ch\u1ec9 t\u1ea1m th\u1eddi l\u00e0m d\u1ecbu \u0111i m\u00f9i h\u00f4i. Khi th\u1ef1c ph\u1ea9m \u0111\u00e3 \u0111\u01b0\u1ee3c ti\u00eau h\u00f3a trong c\u01a1 th\u1ec3 c\u1ee7a b\u1ea1n, m\u00f9i m\u1edbi bi\u1ebfn m\u1ea5t ho\u00e0n to\u00e0n.<\/p>\t\t\t\t\t\t\t\t<\/div>\n\t\t\t\t<\/div>\n\t\t\t\t<div class=\"elementor-element elementor-element-1609ca28 elementor-widget elementor-widget-heading\" data-id=\"1609ca28\" data-element_type=\"widget\" data-e-type=\"widget\" data-widget_type=\"heading.default\">\n\t\t\t\t<div class=\"elementor-widget-container\">\n\t\t\t\t\t<h4 class=\"elementor-heading-title elementor-size-default\">Th\u00f3i quen kh\u00f4ng t\u1ed1t l\u00e0 \u201cth\u1ee7 ph\u1ea1m\u201d g\u00e2y h\u00f4i mi\u1ec7ng<\/h4>\t\t\t\t<\/div>\n\t\t\t\t<\/div>\n\t\t\t\t<div class=\"elementor-element elementor-element-1560ae7d elementor-widget elementor-widget-text-editor\" data-id=\"1560ae7d\" data-element_type=\"widget\" data-e-type=\"widget\" data-widget_type=\"text-editor.default\">\n\t\t\t\t<div class=\"elementor-widget-container\">\n\t\t\t\t\t\t\t\t\t<p>N\u1ebfu b\u1ea1n kh\u00f4ng \u0111\u00e1nh r\u0103ng, d\u00f9ng ch\u1ec9 nha khoa \u0111\u1ec3 l\u00e0m s\u1ea1ch th\u00ec nh\u1eefng m\u1ea9u th\u1ee9c \u0103n c\u00f3 th\u1ec3 v\u1eabn \u201ctr\u00fa ng\u1ee5\u201d trong mi\u1ec7ng c\u1ee7a b\u1ea1n. \u0110\u00e2y c\u0169ng l\u00e0 \u0111i\u1ec1u th\u00fac \u0111\u1ea9y s\u1ef1 t\u0103ng tr\u01b0\u1edfng c\u1ee7a vi khu\u1ea9n gi\u1eefa c\u00e1c k\u1ebd r\u0103ng, xung quanh n\u01b0\u1edbu r\u0103ng v\u00e0 tr\u00ean b\u1ec1 m\u1eb7t l\u01b0\u1ee1i khi\u1ebfn h\u01a1i th\u1edf c\u00f3 m\u00f9i. \u0110\u1ec3 gi\u00fap l\u00e0m gi\u1ea3m vi khu\u1ea9n, b\u1ea1n c\u00f3 th\u1ec3 d\u00f9ng n\u01b0\u1edbc s\u00fac mi\u1ec7ng kh\u00e1ng khu\u1ea9n.<\/p>\t\t\t\t\t\t\t\t<\/div>\n\t\t\t\t<\/div>\n\t\t\t\t<div class=\"elementor-element elementor-element-96139c0 elementor-widget elementor-widget-text-editor\" data-id=\"96139c0\" data-element_type=\"widget\" data-e-type=\"widget\" data-widget_type=\"text-editor.default\">\n\t\t\t\t<div class=\"elementor-widget-container\">\n\t\t\t\t\t\t\t\t\t<p>Ngo\u00e0i ra, khi d\u00f9ng r\u0103ng gi\u1ea3, n\u1ebfu kh\u00f4ng l\u00e0m s\u1ea1ch \u0111\u00fang c\u00e1ch, vi khu\u1ea9n g\u00e2y m\u00f9i v\u00e0 c\u00e1c m\u1ea9u th\u1ee9c \u0103n th\u1eeba trong mi\u1ec7ng c\u00f3 th\u1ec3 g\u00e2y h\u00f4i mi\u1ec7ng. H\u00fat thu\u1ed1c ho\u1eb7c s\u1eed d\u1ee5ng thu\u1ed1c l\u00e1 nhai c\u0169ng c\u00f3 th\u1ec3 khi\u1ebfn r\u0103ng x\u1ec9n m\u00e0u, mi\u1ec7ng c\u00f3 m\u00f9i.<\/p>\t\t\t\t\t\t\t\t<\/div>\n\t\t\t\t<\/div>\n\t\t\t\t<div class=\"elementor-element elementor-element-40f2b44a elementor-widget elementor-widget-heading\" data-id=\"40f2b44a\" data-element_type=\"widget\" data-e-type=\"widget\" data-widget_type=\"heading.default\">\n\t\t\t\t<div class=\"elementor-widget-container\">\n\t\t\t\t\t<h4 class=\"elementor-heading-title elementor-size-default\">H\u00f4i mi\u1ec7ng do c\u00e1c v\u1ea5n \u0111\u1ec1 v\u1ec1 s\u1ee9c kh\u1ecfe<\/h4>\t\t\t\t<\/div>\n\t\t\t\t<\/div>\n\t\t\t\t<div class=\"elementor-element elementor-element-e133b4e elementor-widget elementor-widget-text-editor\" data-id=\"e133b4e\" data-element_type=\"widget\" data-e-type=\"widget\" data-widget_type=\"text-editor.default\">\n\t\t\t\t<div class=\"elementor-widget-container\">\n\t\t\t\t\t\t\t\t\t<p>H\u01a1i th\u1edf li\u00ean t\u1ee5c c\u00f3 m\u00f9i h\u00f4i ho\u1eb7c \u0111\u1eafng trong mi\u1ec7ng c\u00f3 th\u1ec3 l\u00e0 d\u1ea5u hi\u1ec7u c\u1ee7a b\u1ec7nh nha chu. B\u1ec7nh nha chu l\u00e0 g\u00ec? do s\u1ef1 t\u00edch t\u1ee5 m\u1ea3ng b\u00e1m tr\u00ean r\u0103ng. Vi khu\u1ea9n l\u00e0 nguy\u00ean nh\u00e2n g\u00e2y ra s\u1ef1 k\u00edch th\u00edch c\u00e1c n\u01b0\u1edbu r\u0103ng. N\u1ebfu vi\u00eam nha chu ti\u1ebfp t\u1ee5c kh\u00f4ng \u0111\u01b0\u1ee3c \u0111i\u1ec1u tr\u1ecb th\u00ec s\u1ebd g\u00e2y t\u1ed5n h\u1ea1i \u0111\u1ebfn n\u01b0\u1edbu r\u0103ng, x\u01b0\u01a1ng h\u00e0m v\u00e0 c\u00f3 th\u1ec3 d\u1eabn \u0111\u1ebfn m\u1ea5t r\u0103ng.<\/p>\t\t\t\t\t\t\t\t<\/div>\n\t\t\t\t<\/div>\n\t\t\t\t<div class=\"elementor-element elementor-element-6762d2e elementor-widget elementor-widget-text-editor\" data-id=\"6762d2e\" data-element_type=\"widget\" data-e-type=\"widget\" data-widget_type=\"text-editor.default\">\n\t\t\t\t<div class=\"elementor-widget-container\">\n\t\t\t\t\t\t\t\t\t<p>T\u00ecnh tr\u1ea1ng kh\u00f4 mi\u1ec7ng k\u00e9o d\u00e0i c\u0169ng c\u00f3 th\u1ec3 g\u00e2y h\u00f4i mi\u1ec7ng. \u0110\u1ec3 l\u00e0m \u1ea9m mi\u1ec7ng, trung h\u00f2a axit s\u1ea3n sinh b\u1edfi m\u1ea3ng b\u00e1m, gi\u00fap r\u1eeda s\u1ea1ch c\u00e1c t\u1ebf b\u00e0o ch\u1ebft t\u00edch t\u1ee5 tr\u00ean l\u01b0\u1ee1i v\u00e0 n\u01b0\u1edbu r\u0103ng, n\u01b0\u1edbc b\u1ecdt l\u00e0 y\u1ebfu t\u1ed1 th\u1ef1c s\u1ef1 c\u1ea7n thi\u1ebft. N\u1ebfu mi\u1ec7ng kh\u00f4, c\u00f3 v\u1ea5n \u0111\u1ec1 v\u1ec1 tuy\u1ebfn n\u01b0\u1edbc b\u1ecdt, c\u00e1c t\u1ebf b\u00e0o n\u00e0y s\u1ebd kh\u00f4ng \u0111\u01b0\u1ee3c lo\u1ea1i b\u1ecf m\u00e0 s\u1ebd ph\u00e2n h\u1ee7y d\u1eabn \u0111\u1ebfn h\u00f4i mi\u1ec7ng.<\/p>\t\t\t\t\t\t\t\t<\/div>\n\t\t\t\t<\/div>\n\t\t\t\t<div class=\"elementor-element elementor-element-7b391d3 elementor-widget elementor-widget-text-editor\" data-id=\"7b391d3\" data-element_type=\"widget\" data-e-type=\"widget\" data-widget_type=\"text-editor.default\">\n\t\t\t\t<div class=\"elementor-widget-container\">\n\t\t\t\t\t\t\t\t\t<p>Ngo\u00e0i ra, nhi\u1ec1u b\u1ec7nh l\u00fd kh\u00e1c c\u0169ng c\u00f3 th\u1ec3 g\u00e2y ra h\u00f4i mi\u1ec7ng nh\u01b0: nhi\u1ec5m tr\u00f9ng \u0111\u01b0\u1eddng h\u00f4 h\u1ea5p (vi\u00eam ph\u1ed5i, vi\u00eam ph\u1ebf qu\u1ea3n, vi\u00eam xoang), ti\u1ec3u \u0111\u01b0\u1eddng, tr\u00e0o ng\u01b0\u1ee3c d\u1ea1 d\u00e0y ho\u1eb7c b\u1ec7nh l\u00fd gan, th\u1eadn.<\/p>\t\t\t\t\t\t\t\t<\/div>\n\t\t\t\t<\/div>\n\t\t\t\t<div class=\"elementor-element elementor-element-382544c elementor-widget elementor-widget-heading\" data-id=\"382544c\" data-element_type=\"widget\" data-e-type=\"widget\" data-widget_type=\"heading.default\">\n\t\t\t\t<div class=\"elementor-widget-container\">\n\t\t\t\t\t<h4 class=\"elementor-heading-title elementor-size-default\">C\u1ea3i thi\u1ec7n n\u1ee5 c\u01b0\u1eddI \u2013 c\u1ea3I thi\u1ec7t ph\u00e1t \u00e2m<\/h4>\t\t\t\t<\/div>\n\t\t\t\t<\/div>\n\t\t\t\t<div class=\"elementor-element elementor-element-15c0ba93 elementor-widget elementor-widget-text-editor\" data-id=\"15c0ba93\" data-element_type=\"widget\" data-e-type=\"widget\" data-widget_type=\"text-editor.default\">\n\t\t\t\t<div class=\"elementor-widget-container\">\n\t\t\t\t\t\t\t\t\t<p>H\u00e0m r\u0103ng \u0111\u1eb9p mang l\u1ea1i cho ch\u00fang ta s\u1ef1 t\u1ef1 tin h\u01a1n, chinh ph\u1ee5c ng\u01b0\u1eddi \u0111\u1ed1i di\u1ec7n. Vi\u1ec7c ph\u00e1t \u00e2m chu\u1ea9n h\u01a1n gi\u1ecdng n\u00f3i r\u00f5 r\u00e0ng.<\/p>\t\t\t\t\t\t\t\t<\/div>\n\t\t\t\t<\/div>\n\t\t\t\t<\/div>\n\t\t\t\t\t<\/div>\n\t\t\t\t<\/div>\n\t\t\t\t<section class=\"elementor-section elementor-top-section elementor-element elementor-element-20f33a97 elementor-section-boxed elementor-section-height-default elementor-section-height-default\" data-id=\"20f33a97\" data-element_type=\"section\" data-e-type=\"section\" data-settings=\"{&quot;background_background&quot;:&quot;classic&quot;}\">\n\t\t\t\t\t\t<div class=\"elementor-container elementor-column-gap-no\">\n\t\t\t\t\t<div class=\"elementor-column elementor-col-100 elementor-top-column elementor-element elementor-element-3dc9a791\" data-id=\"3dc9a791\" data-element_type=\"column\" data-e-type=\"column\">\n\t\t\t<div class=\"elementor-widget-wrap elementor-element-populated\">\n\t\t\t\t\t\t<div class=\"elementor-element elementor-element-235ba42b elementor-widget elementor-widget-heading\" data-id=\"235ba42b\" data-element_type=\"widget\" data-e-type=\"widget\" data-widget_type=\"heading.default\">\n\t\t\t\t<div class=\"elementor-widget-container\">\n\t\t\t\t\t<h2 class=\"elementor-heading-title elementor-size-default\">L\u00e0m g\u00ec \u0111\u1ec3 ng\u0103n ng\u1eeba &amp; \u0111i\u1ec1u tr\u1ecb h\u00f4i mi\u1ec7ng?<\/h2>\t\t\t\t<\/div>\n\t\t\t\t<\/div>\n\t\t\t\t<div class=\"elementor-element elementor-element-6e5763c elementor-widget-divider--view-line elementor-widget elementor-widget-divider\" data-id=\"6e5763c\" data-element_type=\"widget\" data-e-type=\"widget\" data-widget_type=\"divider.default\">\n\t\t\t\t<div class=\"elementor-widget-container\">\n\t\t\t\t\t\t\t<div class=\"elementor-divider\">\n\t\t\t<span class=\"elementor-divider-separator\">\n\t\t\t\t\t\t<\/span>\n\t\t<\/div>\n\t\t\t\t\t\t<\/div>\n\t\t\t\t<\/div>\n\t\t\t\t<div class=\"elementor-element elementor-element-2a166119 elementor-widget elementor-widget-text-editor\" data-id=\"2a166119\" data-element_type=\"widget\" data-e-type=\"widget\" data-widget_type=\"text-editor.default\">\n\t\t\t\t<div class=\"elementor-widget-container\">\n\t\t\t\t\t\t\t\t\t<p>H\u00f4i mi\u1ec7ng c\u00f3 th\u1ec3 ng\u0103n ch\u1eb7n v\u00e0 h\u1ea1n ch\u1ebf t\u00e1c \u0111\u1ed9ng, n\u1ebfu b\u1ea1n:<\/p>\t\t\t\t\t\t\t\t<\/div>\n\t\t\t\t<\/div>\n\t\t\t\t<div class=\"elementor-element elementor-element-54b829b0 elementor-widget elementor-widget-heading\" data-id=\"54b829b0\" data-element_type=\"widget\" data-e-type=\"widget\" data-widget_type=\"heading.default\">\n\t\t\t\t<div class=\"elementor-widget-container\">\n\t\t\t\t\t<h4 class=\"elementor-heading-title elementor-size-default\">Ch\u00fa \u00fd gi\u1eef v\u1ec7 sinh r\u0103ng mi\u1ec7ng<\/h4>\t\t\t\t<\/div>\n\t\t\t\t<\/div>\n\t\t\t\t<div class=\"elementor-element elementor-element-26e29ea elementor-widget elementor-widget-text-editor\" data-id=\"26e29ea\" data-element_type=\"widget\" data-e-type=\"widget\" data-widget_type=\"text-editor.default\">\n\t\t\t\t<div class=\"elementor-widget-container\">\n\t\t\t\t\t\t\t\t\t<p>\u0110\u00e1nh r\u0103ng hai l\u1ea7n\/ ng\u00e0y v\u1edbi kem \u0111\u00e1nh r\u0103ng \u0111\u1ec3 lo\u1ea1i b\u1ecf m\u1ea3ng b\u00e1m, m\u1ea9u v\u1ee5n th\u1ee9c \u0103n (\u0111\u1eebng qu\u00ean ch\u1ea3i l\u01b0\u1ee1i). M\u1ed7i 2-3 th\u00e1ng ho\u1eb7c sau khi kh\u1ecfi b\u1ec7nh, b\u1ea1n h\u00e3y thay b\u00e0n ch\u1ea3i \u0111\u00e1nh r\u0103ng. N\u00ean s\u1eed d\u1ee5ng ch\u1ec9 nha khoa \u0111\u1ec3 lo\u1ea1i b\u1ecf c\u00e1c m\u1ea3ng b\u00e1m gi\u1eefa k\u1ebd r\u0103ng v\u00e0 d\u00f9ng n\u01b0\u1edbc s\u00fac mi\u1ec7ng kh\u00e1ng khu\u1ea9n. R\u0103ng gi\u1ea3 c\u1ea7n \u0111\u01b0\u1ee3c r\u1eeda s\u1ea1ch m\u1ea3ng b\u00e1m tr\u01b0\u1edbc khi \u0111\u1eb7t v\u00e0o mi\u1ec7ng.<\/p>\t\t\t\t\t\t\t\t<\/div>\n\t\t\t\t<\/div>\n\t\t\t\t<div class=\"elementor-element elementor-element-480cc400 elementor-widget elementor-widget-heading\" data-id=\"480cc400\" data-element_type=\"widget\" data-e-type=\"widget\" data-widget_type=\"heading.default\">\n\t\t\t\t<div class=\"elementor-widget-container\">\n\t\t\t\t\t<h4 class=\"elementor-heading-title elementor-size-default\">H\u00e3y kh\u00e1m r\u0103ng \u0111\u1ecbnh k\u1ef3<\/h4>\t\t\t\t<\/div>\n\t\t\t\t<\/div>\n\t\t\t\t<div class=\"elementor-element elementor-element-3df91224 elementor-widget elementor-widget-text-editor\" data-id=\"3df91224\" data-element_type=\"widget\" data-e-type=\"widget\" data-widget_type=\"text-editor.default\">\n\t\t\t\t<div class=\"elementor-widget-container\">\n\t\t\t\t\t\t\t\t\t<p>\u00cdt nh\u1ea5t 2 l\u1ea7n\/ n\u0103m, b\u1ea1n n\u00ean \u0111\u1ebfn ph\u00f2ng kh\u00e1m nha khoa \u0111\u1ec3 kh\u00e1m r\u0103ng. C\u00e1c b\u00e1c s\u0129 s\u1ebd ti\u1ebfn h\u00e0nh ki\u1ec3m tra r\u0103ng mi\u1ec7ng t\u1ed5ng qu\u00e1t, l\u00e0m s\u1ea1ch r\u0103ng. V\u1edbi c\u00e1ch n\u00e0y, b\u1ea1n s\u1ebd ph\u00e1t hi\u1ec7n s\u1edbm v\u00e0 k\u1ecbp th\u1eddi \u0111i\u1ec1u tr\u1ecb b\u1ec7nh nha chu, kh\u00f4 mi\u1ec7ng ho\u1eb7c c\u00e1c nguy\u00ean nh\u00e2n g\u00e2y h\u00f4i mi\u1ec7ng kh\u00e1c n\u1ebfu c\u00f3.<\/p>\t\t\t\t\t\t\t\t<\/div>\n\t\t\t\t<\/div>\n\t\t\t\t<div class=\"elementor-element elementor-element-4cb8bfb2 elementor-widget elementor-widget-heading\" data-id=\"4cb8bfb2\" data-element_type=\"widget\" data-e-type=\"widget\" data-widget_type=\"heading.default\">\n\t\t\t\t<div class=\"elementor-widget-container\">\n\t\t\t\t\t<h4 class=\"elementor-heading-title elementor-size-default\">C\u1ea3i thi\u1ec7n v\u1ea5n \u0111\u1ec1 v\u1ec1 tuy\u1ebfn n\u01b0\u1edbc b\u1ecdt<\/h4>\t\t\t\t<\/div>\n\t\t\t\t<\/div>\n\t\t\t\t<div class=\"elementor-element elementor-element-64b602a6 elementor-widget elementor-widget-text-editor\" data-id=\"64b602a6\" data-element_type=\"widget\" data-e-type=\"widget\" data-widget_type=\"text-editor.default\">\n\t\t\t\t<div class=\"elementor-widget-container\">\n\t\t\t\t\t\t\t\t\t<p>U\u1ed1ng n\u01b0\u1edbc nhi\u1ec1u l\u00e0 c\u00e1ch \u0111\u1ec3 gi\u1eef cho khoang mi\u1ec7ng lu\u00f4n lu\u00f4n \u1ea9m. Ngo\u00e0i ra, nhai k\u1eb9o cao su kh\u00f4ng \u0111\u01b0\u1eddng ho\u1eb7c m\u00fat k\u1eb9o c\u0169ng k\u00edch th\u00edch ti\u1ebft n\u01b0\u1edbc b\u1ecdt, r\u1eeda s\u1ea1ch th\u1ee9c \u0103n v\u00e0 vi khu\u1ea9n. Nhai k\u1eb9o cao su c\u00f3 ch\u1ee9a xylitol l\u00e0 t\u1ed1t nh\u1ea5t.<\/p>\t\t\t\t\t\t\t\t<\/div>\n\t\t\t\t<\/div>\n\t\t\t\t<div class=\"elementor-element elementor-element-71a54d16 elementor-widget elementor-widget-heading\" data-id=\"71a54d16\" data-element_type=\"widget\" data-e-type=\"widget\" data-widget_type=\"heading.default\">\n\t\t\t\t<div class=\"elementor-widget-container\">\n\t\t\t\t\t<h4 class=\"elementor-heading-title elementor-size-default\">\u0110i\u1ec1u tr\u1ecb h\u00f4i mi\u1ec7ng b\u1eb1ng c\u00e1ch n\u00e0o?<\/h4>\t\t\t\t<\/div>\n\t\t\t\t<\/div>\n\t\t\t\t<div class=\"elementor-element elementor-element-7023cd55 elementor-widget elementor-widget-text-editor\" data-id=\"7023cd55\" data-element_type=\"widget\" data-e-type=\"widget\" data-widget_type=\"text-editor.default\">\n\t\t\t\t<div class=\"elementor-widget-container\">\n\t\t\t\t\t\t\t\t\t<p>Trong h\u1ea7u h\u1ebft c\u00e1c tr\u01b0\u1eddng h\u1ee3p, c\u00e1c b\u00e1c s\u0129 t\u1ea1i nha khoa c\u00f3 th\u1ec3 ch\u1ec9 ra ch\u00ednh x\u00e1c nguy\u00ean nh\u00e2n khi\u1ebfn b\u1ea1n b\u1ecb h\u00f4i mi\u1ec7ng. N\u1ebfu m\u00f9i h\u00f4i mi\u1ec7ng l\u00e0 do b\u1ec7nh nha chu vi\u00eam, do r\u0103ng s\u00e2u, do m\u1ea3ng b\u00e1m tr\u00ean r\u0103ng, c\u00e1c b\u00e1c s\u0129 R\u0103ng H\u00e0m M\u1eb7t s\u1ebd tr\u1ef1c ti\u1ebfp \u0111i\u1ec1u tr\u1ecb cho b\u1ea1n v\u00e0 h\u01b0\u1edbng d\u1eabn c\u00e1ch ch\u0103m s\u00f3c r\u0103ng mi\u1ec7ng hi\u1ec7u qu\u1ea3.<\/p>\t\t\t\t\t\t\t\t<\/div>\n\t\t\t\t<\/div>\n\t\t\t\t<div class=\"elementor-element elementor-element-2ca10cc elementor-widget elementor-widget-text-editor\" data-id=\"2ca10cc\" data-element_type=\"widget\" data-e-type=\"widget\" data-widget_type=\"text-editor.default\">\n\t\t\t\t<div class=\"elementor-widget-container\">\n\t\t\t\t\t\t\t\t\t<p>N\u1ebfu b\u00e1c s\u0129 x\u00e1c \u0111\u1ecbnh r\u1eb1ng mi\u1ec7ng c\u1ee7a b\u1ea1n kh\u1ecfe m\u1ea1nh v\u00e0 nguy\u00ean nh\u00e2n g\u00e2y m\u00f9i kh\u00f4ng ph\u1ea3i t\u1eeb khoang mi\u1ec7ng, b\u1ea1n c\u00f3 th\u1ec3 \u0111\u01b0\u1ee3c gi\u1edbi thi\u1ec7u \u0111\u1ebfn c\u00e1c b\u00e1c s\u0129 gia \u0111\u00ecnh. X\u00e1c \u0111\u1ecbnh ch\u00ednh x\u00e1c ngu\u1ed3n g\u1ed1c m\u00f9i h\u00f4i, c\u00e1c b\u00e1c s\u0129 s\u1ebd l\u00ean k\u1ebf ho\u1ea1ch \u0111i\u1ec1u tr\u1ecb ch\u00ednh x\u00e1c h\u01a1n, l\u1ea5y l\u1ea1i t\u1ef1 tin trong giao ti\u1ebfp cho b\u1ea1n.<\/p>\t\t\t\t\t\t\t\t<\/div>\n\t\t\t\t<\/div>\n\t\t\t\t\t<\/div>\n\t\t<\/div>\n\t\t\t\t\t<\/div>\n\t\t<\/section>\n\t\t\t\t<\/div>","protected":false},"excerpt":{"rendered":"<p>C\u00e1c nguy\u00ean nh\u00e2n g\u00e2y h\u00f4i mi\u1ec7ng? H\u00f4i mi\u1ec7ng l\u00e0 ch\u1ee9ng b\u1ec7nh ph\u1ed5 bi\u1ebfn m\u00e0 nhi\u1ec1u ng\u01b0\u1eddi m\u1eafc ph\u1ea3i. Ch\u1ee9ng h\u00f4i mi\u1ec7ng c\u00f3 th\u1ec3 c\u1ea3n tr\u1edf b\u1ea1n trong giao ti\u1ebfp h\u00e0ng ng\u00e0y v\u00ec t\u00e2m l\u00fd t\u1ef1 ti, h\u01a1i th\u1edf c\u00f3 m\u00f9i khi\u1ebfn ng\u01b0\u1eddi kh\u00e1c kh\u00f3 ch\u1ecbu. Nguy\u00ean nh\u00e2n h\u00f4i mi\u1ec7ng c\u00f3 th\u1ec3 l\u00e0 do ch\u0103m s\u00f3c [&hellip;]<\/p>\n","protected":false},"author":1,"featured_media":0,"parent":0,"menu_order":0,"comment_status":"closed","ping_status":"closed","template":"","meta":{"inline_featured_image":false,"_uag_custom_page_level_css":"","site-sidebar-layout":"no-sidebar","site-content-layout":"page-builder","ast-site-content-layout":"full-width-container","site-content-style":"default","site-sidebar-style":"default","ast-global-header-display":"","ast-banner-title-visibility":"","ast-main-header-display":"","ast-hfb-above-header-display":"","ast-hfb-below-header-display":"","ast-hfb-mobile-header-display":"","site-post-title":"disabled","ast-breadcrumbs-content":"","ast-featured-img":"disabled","footer-sml-layout":"disabled","ast-disable-related-posts":"","theme-transparent-header-meta":"","adv-header-id-meta":"","stick-header-meta":"","header-above-stick-meta":"","header-main-stick-meta":"","header-below-stick-meta":"","astra-migrate-meta-layouts":"set","ast-page-background-enabled":"default","ast-page-background-meta":{"desktop":{"background-color":"","background-image":"","background-repeat":"repeat","background-position":"center center","background-size":"auto","background-attachment":"scroll","background-type":"","background-media":"","overlay-type":"","overlay-color":"","overlay-opacity":"","overlay-gradient":""},"tablet":{"background-color":"","background-image":"","background-repeat":"repeat","background-position":"center center","background-size":"auto","background-attachment":"scroll","background-type":"","background-media":"","overlay-type":"","overlay-color":"","overlay-opacity":"","overlay-gradient":""},"mobile":{"background-color":"","background-image":"","background-repeat":"repeat","background-position":"center center","background-size":"auto","background-attachment":"scroll","background-type":"","background-media":"","overlay-type":"","overlay-color":"","overlay-opacity":"","overlay-gradient":""}},"ast-content-background-meta":{"desktop":{"background-color":"var(--ast-global-color-5)","background-image":"","background-repeat":"repeat","background-position":"center center","background-size":"auto","background-attachment":"scroll","background-type":"","background-media":"","overlay-type":"","overlay-color":"","overlay-opacity":"","overlay-gradient":""},"tablet":{"background-color":"var(--ast-global-color-5)","background-image":"","background-repeat":"repeat","background-position":"center center","background-size":"auto","background-attachment":"scroll","background-type":"","background-media":"","overlay-type":"","overlay-color":"","overlay-opacity":"","overlay-gradient":""},"mobile":{"background-color":"var(--ast-global-color-5)","background-image":"","background-repeat":"repeat","background-position":"center center","background-size":"auto","background-attachment":"scroll","background-type":"","background-media":"","overlay-type":"","overlay-color":"","overlay-opacity":"","overlay-gradient":""}},"footnotes":""},"class_list":["post-903","page","type-page","status-publish","hentry"],"aioseo_notices":[],"uagb_featured_image_src":{"full":false,"thumbnail":false,"medium":false,"medium_large":false,"large":false,"1536x1536":false,"2048x2048":false,"trp-custom-language-flag":false,"depicter-thumbnail":false},"uagb_author_info":{"display_name":"bigdentdentalclinic.com","author_link":"https:\/\/bigdentdentalclinic.com\/en\/author\/mediumblue-falcon-489895-hostingersite-com\/"},"uagb_comment_info":0,"uagb_excerpt":"C\u00e1c nguy\u00ean nh\u00e2n g\u00e2y h\u00f4i mi\u1ec7ng? H\u00f4i mi\u1ec7ng l\u00e0 ch\u1ee9ng b\u1ec7nh ph\u1ed5 bi\u1ebfn m\u00e0 nhi\u1ec1u ng\u01b0\u1eddi m\u1eafc ph\u1ea3i. Ch\u1ee9ng h\u00f4i mi\u1ec7ng c\u00f3 th\u1ec3 c\u1ea3n tr\u1edf b\u1ea1n trong giao ti\u1ebfp h\u00e0ng ng\u00e0y v\u00ec t\u00e2m l\u00fd t\u1ef1 ti, h\u01a1i th\u1edf c\u00f3 m\u00f9i khi\u1ebfn ng\u01b0\u1eddi kh\u00e1c kh\u00f3 ch\u1ecbu. Nguy\u00ean nh\u00e2n h\u00f4i mi\u1ec7ng c\u00f3 th\u1ec3 l\u00e0 do ch\u0103m s\u00f3c&hellip;","_links":{"self":[{"href":"https:\/\/bigdentdentalclinic.com\/en\/wp-json\/wp\/v2\/pages\/903","targetHints":{"allow":["GET"]}}],"collection":[{"href":"https:\/\/bigdentdentalclinic.com\/en\/wp-json\/wp\/v2\/pages"}],"about":[{"href":"https:\/\/bigdentdentalclinic.com\/en\/wp-json\/wp\/v2\/types\/page"}],"author":[{"embeddable":true,"href":"https:\/\/bigdentdentalclinic.com\/en\/wp-json\/wp\/v2\/users\/1"}],"replies":[{"embeddable":true,"href":"https:\/\/bigdentdentalclinic.com\/en\/wp-json\/wp\/v2\/comments?post=903"}],"version-history":[{"count":16,"href":"https:\/\/bigdentdentalclinic.com\/en\/wp-json\/wp\/v2\/pages\/903\/revisions"}],"predecessor-version":[{"id":2437,"href":"https:\/\/bigdentdentalclinic.com\/en\/wp-json\/wp\/v2\/pages\/903\/revisions\/2437"}],"wp:attachment":[{"href":"https:\/\/bigdentdentalclinic.com\/en\/wp-json\/wp\/v2\/media?parent=903"}],"curies":[{"name":"wp","href":"https:\/\/api.w.org\/{rel}","templated":true}]}}